{"id":235,"date":"2024-02-16T01:11:22","date_gmt":"2024-02-16T01:11:22","guid":{"rendered":"http:\/\/localhost\/wordpress\/?page_id=235"},"modified":"2026-03-24T14:03:28","modified_gmt":"2026-03-24T21:03:28","slug":"news-and-events","status":"publish","type":"page","link":"https:\/\/modernslaveryact.ca\/fr\/news-and-events\/","title":{"rendered":"Actualit\u00e9s et \u00c9v\u00e9nements"},"content":{"rendered":"<div class=\"wp-block-group alignfull has-global-padding is-layout-constrained wp-container-core-group-is-layout-d425955f wp-block-group-is-layout-constrained\" style=\"margin-top:0;margin-bottom:0;padding-top:var(--wp--preset--spacing--50);padding-right:var(--wp--preset--spacing--50);padding-bottom:var(--wp--preset--spacing--50);padding-left:var(--wp--preset--spacing--50)\">\n<h2 class=\"wp-block-heading alignwide has-heading-font-family\" style=\"margin-top:0;font-size:clamp(20px, 1.25rem + ((1vw - 3.2px) * 1.25), 32px);font-style:normal;font-weight:700;line-height:1\">Nouvelles et \u00c9v\u00e9nements Pertinents \u00e0 la Loi sur l'Esclavage Moderne<\/h2>\n\n\n\n<div style=\"height:37px\" aria-hidden=\"true\" class=\"wp-block-spacer\"><\/div>\n\n\n\n<div class=\"wp-block-columns alignwide is-layout-flex wp-container-core-columns-is-layout-ff4b9c61 wp-block-columns-is-layout-flex\" style=\"margin-top:0;margin-bottom:0\">\n<div class=\"wp-block-column is-layout-flow wp-container-core-column-is-layout-a77db08e wp-block-column-is-layout-flow\">\n<div class=\"wp-block-group has-global-padding is-layout-constrained wp-block-group-is-layout-constrained\">\n<figure class=\"wp-block-image size-full has-custom-border is-style-rounded is-style-rounded--1\"><a href=\"https:\/\/www.lapresse.ca\/dialogue\/opinions\/2026-03-22\/travail-force\/le-canada-en-position-de-faiblesse.php\" target=\"_blank\" rel=\" noreferrer noopener\"><img loading=\"lazy\" decoding=\"async\" width=\"940\" height=\"788\" src=\"https:\/\/modernslaveryact.ca\/wp-content\/uploads\/2026\/03\/Untitled-design-20.png\" alt=\"\" class=\"wp-image-1426\" style=\"border-radius:5px;box-shadow:var(--wp--preset--shadow--natural);aspect-ratio:4\/3;object-fit:cover\" srcset=\"https:\/\/modernslaveryact.ca\/wp-content\/uploads\/2026\/03\/Untitled-design-20.png 940w, https:\/\/modernslaveryact.ca\/wp-content\/uploads\/2026\/03\/Untitled-design-20-300x251.png 300w, https:\/\/modernslaveryact.ca\/wp-content\/uploads\/2026\/03\/Untitled-design-20-768x644.png 768w, https:\/\/modernslaveryact.ca\/wp-content\/uploads\/2026\/03\/Untitled-design-20-14x12.png 14w\" sizes=\"auto, (max-width: 940px) 100vw, 940px\" \/><\/a><\/figure>\n\n\n\n<p class=\"has-heading-font-family\" style=\"letter-spacing:0px;text-decoration:none\"><strong>LE CANADA EN POSITION DE FAIBLESSE<\/strong><\/p>\n\n\n\n<figure class=\"wp-block-image size-full has-custom-border is-style-rounded is-style-rounded--2\"><a href=\"https:\/\/www.hilltimes.com\/story\/2026\/01\/12\/trading-values-for-access-canada-china-and-the-cost-of-looking-away\/487550\/\" target=\"_blank\" rel=\" noreferrer noopener\"><img loading=\"lazy\" decoding=\"async\" width=\"940\" height=\"788\" src=\"https:\/\/modernslaveryact.ca\/wp-content\/uploads\/2026\/01\/Untitled-design-13.png\" alt=\"\" class=\"wp-image-1412\" style=\"border-radius:5px;box-shadow:var(--wp--preset--shadow--natural);aspect-ratio:4\/3;object-fit:cover\" srcset=\"https:\/\/modernslaveryact.ca\/wp-content\/uploads\/2026\/01\/Untitled-design-13.png 940w, https:\/\/modernslaveryact.ca\/wp-content\/uploads\/2026\/01\/Untitled-design-13-300x251.png 300w, https:\/\/modernslaveryact.ca\/wp-content\/uploads\/2026\/01\/Untitled-design-13-768x644.png 768w, https:\/\/modernslaveryact.ca\/wp-content\/uploads\/2026\/01\/Untitled-design-13-14x12.png 14w\" sizes=\"auto, (max-width: 940px) 100vw, 940px\" \/><\/a><\/figure>\n\n\n\n<p class=\"has-heading-font-family\" style=\"letter-spacing:0px;text-decoration:none\"><strong>TRADING VALUES FOR ACCESS: CANADA, CHINA, AND THE COST OF LOOKING AWAY<\/strong><\/p>\n\n\n\n<figure class=\"wp-block-image alignwide size-full has-custom-border is-style-rounded is-style-rounded--3\"><a href=\"https:\/\/www.lapresse.ca\/actualites\/chroniques\/2026-01-14\/lutte-contre-le-travail-force\/tirer-profit-de-l-esclavage-bof.php\"><img loading=\"lazy\" decoding=\"async\" width=\"940\" height=\"788\" src=\"https:\/\/modernslaveryact.ca\/wp-content\/uploads\/2026\/01\/Untitled-design-15.png\" alt=\"\" class=\"wp-image-1419\" style=\"border-radius:5px;box-shadow:var(--wp--preset--shadow--natural)\" srcset=\"https:\/\/modernslaveryact.ca\/wp-content\/uploads\/2026\/01\/Untitled-design-15.png 940w, https:\/\/modernslaveryact.ca\/wp-content\/uploads\/2026\/01\/Untitled-design-15-300x251.png 300w, https:\/\/modernslaveryact.ca\/wp-content\/uploads\/2026\/01\/Untitled-design-15-768x644.png 768w, https:\/\/modernslaveryact.ca\/wp-content\/uploads\/2026\/01\/Untitled-design-15-14x12.png 14w\" sizes=\"auto, (max-width: 940px) 100vw, 940px\" \/><\/a><\/figure>\n\n\n\n<p class=\"has-heading-font-family\" style=\"letter-spacing:0px;text-decoration:none\"><strong>TIRER PROFIT DE L&#8217;ESCLAVAGE ? BOF !<\/strong><\/p>\n\n\n\n<figure class=\"wp-block-image alignwide size-large has-custom-border is-style-rounded is-style-rounded--4\"><a href=\"https:\/\/core-ombuds.canada.ca\/core_ombuds-ocre_ombuds\/memoire_loi_s-211_bill_brief.aspx?lang=eng\"><img loading=\"lazy\" decoding=\"async\" width=\"1024\" height=\"774\" src=\"https:\/\/modernslaveryact.ca\/wp-content\/uploads\/2024\/05\/Untitled-1-1024x774.jpg\" alt=\"\" class=\"wp-image-1184\" style=\"border-radius:5px;box-shadow:var(--wp--preset--shadow--natural)\" srcset=\"https:\/\/modernslaveryact.ca\/wp-content\/uploads\/2024\/05\/Untitled-1-1024x774.jpg 1024w, https:\/\/modernslaveryact.ca\/wp-content\/uploads\/2024\/05\/Untitled-1-300x227.jpg 300w, https:\/\/modernslaveryact.ca\/wp-content\/uploads\/2024\/05\/Untitled-1-768x580.jpg 768w, https:\/\/modernslaveryact.ca\/wp-content\/uploads\/2024\/05\/Untitled-1-16x12.jpg 16w, https:\/\/modernslaveryact.ca\/wp-content\/uploads\/2024\/05\/Untitled-1.jpg 1161w\" sizes=\"auto, (max-width: 1024px) 100vw, 1024px\" \/><\/a><\/figure>\n\n\n\n<p class=\"has-heading-font-family\" style=\"letter-spacing:0px;text-decoration:none\"><strong>THE HILL TIMES : LE PROJET DE LOI DU CANADA SUR LE TRAVAIL FORC\u00c9 DEVRAIT SUIVRE L'EXEMPLE DES \u00c9TATS-UNIS EN INTERDISANT LES IMPORTATIONS DU XINJIANG, D\u00c9CLARE UN AVOCAT OUYGHOUR<\/strong><\/p>\n<\/div>\n\n\n\n<div style=\"height:var(--wp--preset--spacing--50)\" aria-hidden=\"true\" class=\"wp-block-spacer\"><\/div>\n\n\n\n<div class=\"wp-block-group has-global-padding is-layout-constrained wp-block-group-is-layout-constrained\"><\/div>\n\n\n\n<div style=\"height:var(--wp--preset--spacing--50)\" aria-hidden=\"true\" class=\"wp-block-spacer\"><\/div>\n<\/div>\n\n\n\n<div class=\"wp-block-column is-layout-flow wp-container-core-column-is-layout-8a368f38 wp-block-column-is-layout-flow\">\n<div class=\"wp-block-group has-global-padding is-layout-constrained wp-block-group-is-layout-constrained\">\n<figure class=\"wp-block-image size-full has-custom-border is-style-rounded is-style-rounded--5\"><a href=\"https:\/\/www.lapresse.ca\/dialogue\/opinions\/2026-01-14\/visite-de-mark-carney-en-chine\/nos-valeurs-ou-le-marche-chinois.php\"><img loading=\"lazy\" decoding=\"async\" width=\"940\" height=\"788\" src=\"https:\/\/modernslaveryact.ca\/wp-content\/uploads\/2026\/01\/Untitled-design-14.png\" alt=\"\" class=\"wp-image-1416\" style=\"border-radius:5px;box-shadow:var(--wp--preset--shadow--natural);aspect-ratio:4\/3;object-fit:cover\" srcset=\"https:\/\/modernslaveryact.ca\/wp-content\/uploads\/2026\/01\/Untitled-design-14.png 940w, https:\/\/modernslaveryact.ca\/wp-content\/uploads\/2026\/01\/Untitled-design-14-300x251.png 300w, https:\/\/modernslaveryact.ca\/wp-content\/uploads\/2026\/01\/Untitled-design-14-768x644.png 768w, https:\/\/modernslaveryact.ca\/wp-content\/uploads\/2026\/01\/Untitled-design-14-14x12.png 14w\" sizes=\"auto, (max-width: 940px) 100vw, 940px\" \/><\/a><\/figure>\n\n\n\n<p class=\"has-heading-font-family\" style=\"letter-spacing:0px;text-decoration:none\"><strong>NOS VALEURS OU LE MARCH\u00c9 CHINOIS ?<\/strong><\/p>\n\n\n\n<figure class=\"wp-block-image size-full has-custom-border is-style-rounded is-style-rounded--6\"><a href=\"https:\/\/www.hilltimes.com\/story\/2024\/05\/01\/canadas-pledged-forced-labour-bill-should-follow-u-s-example-banning-xinjiang-imports-says-uyghur-advocate\/420093\/\"><img loading=\"lazy\" decoding=\"async\" width=\"800\" height=\"535\" src=\"https:\/\/modernslaveryact.ca\/wp-content\/uploads\/2024\/05\/568A0031_32.t6331f475.m800.xqVUxmbly.jpg\" alt=\"\" class=\"wp-image-1182\" style=\"border-radius:5px;box-shadow:var(--wp--preset--shadow--natural);aspect-ratio:4\/3;object-fit:cover\" srcset=\"https:\/\/modernslaveryact.ca\/wp-content\/uploads\/2024\/05\/568A0031_32.t6331f475.m800.xqVUxmbly.jpg 800w, https:\/\/modernslaveryact.ca\/wp-content\/uploads\/2024\/05\/568A0031_32.t6331f475.m800.xqVUxmbly-300x201.jpg 300w, https:\/\/modernslaveryact.ca\/wp-content\/uploads\/2024\/05\/568A0031_32.t6331f475.m800.xqVUxmbly-768x514.jpg 768w, https:\/\/modernslaveryact.ca\/wp-content\/uploads\/2024\/05\/568A0031_32.t6331f475.m800.xqVUxmbly-18x12.jpg 18w\" sizes=\"auto, (max-width: 800px) 100vw, 800px\" \/><\/a><\/figure>\n\n\n\n<p class=\"has-heading-font-family\" style=\"letter-spacing:0px;text-decoration:none\"><strong>CORE : NOTE SUR LE PROJET DE LOI S-211 - LOI VISANT \u00c0 ENACTER LA LOI SUR LA LUTTE CONTRE LE TRAVAIL FORC\u00c9 ET LE TRAVAIL DES ENFANTS DANS LES CHA\u00ceNES D'APPROVISIONNEMENT ET \u00c0 MODIFIER LE TARIF DES DOUANES<\/strong><\/p>\n<\/div>\n\n\n\n<figure class=\"wp-block-image size-full has-custom-border is-style-rounded is-style-rounded--7\"><a href=\"https:\/\/www.cbc.ca\/news\/world\/canada-us-forced-labour-senator-1.7224599\"><img loading=\"lazy\" decoding=\"async\" width=\"899\" height=\"504\" src=\"https:\/\/modernslaveryact.ca\/wp-content\/uploads\/2024\/06\/photo_2024-06-21_02-43-08.jpg\" alt=\"\" class=\"wp-image-1379\" style=\"border-radius:5px;box-shadow:var(--wp--preset--shadow--natural);aspect-ratio:16\/9;object-fit:cover\" srcset=\"https:\/\/modernslaveryact.ca\/wp-content\/uploads\/2024\/06\/photo_2024-06-21_02-43-08.jpg 899w, https:\/\/modernslaveryact.ca\/wp-content\/uploads\/2024\/06\/photo_2024-06-21_02-43-08-300x168.jpg 300w, https:\/\/modernslaveryact.ca\/wp-content\/uploads\/2024\/06\/photo_2024-06-21_02-43-08-768x431.jpg 768w, https:\/\/modernslaveryact.ca\/wp-content\/uploads\/2024\/06\/photo_2024-06-21_02-43-08-18x10.jpg 18w\" sizes=\"auto, (max-width: 899px) 100vw, 899px\" \/><\/a><\/figure>\n\n\n\n<p class=\"has-heading-font-family\" style=\"letter-spacing:0px;text-decoration:none\"><strong>CANADA&#8217;S FAILURE TO BLOCK FORCED-LABOUR IMPORTS DRAWS U.S. SCRUTINY<\/strong><\/p>\n\n\n\n<div style=\"height:var(--wp--preset--spacing--50)\" aria-hidden=\"true\" class=\"wp-block-spacer\"><\/div>\n<\/div>\n<\/div>\n<\/div>\n\n\n\n<div style=\"height:64px\" aria-hidden=\"true\" class=\"wp-block-spacer\"><\/div>","protected":false},"excerpt":{"rendered":"<p>News and Events Relevant to the Modern Slavery Act LE CANADA EN POSITION DE FAIBLESSE TRADING VALUES FOR ACCESS: CANADA, CHINA, AND THE COST OF LOOKING AWAY TIRER PROFIT DE L&#8217;ESCLAVAGE ? BOF ! THE HILL TIMES: CANADA\u2019S PLEDGED FORCED LABOUR BILL SHOULD FOLLOW U.S. EXAMPLE BANNING XINJINIANG IMPORTS, SAYS UYGHUR ADVOCATE NOS VALEURS OU [&hellip;]<\/p>\n","protected":false},"author":1,"featured_media":0,"parent":0,"menu_order":3,"comment_status":"open","ping_status":"closed","template":"simple","meta":{"footnotes":""},"class_list":["post-235","page","type-page","status-publish","hentry"],"_links":{"self":[{"href":"https:\/\/modernslaveryact.ca\/fr\/wp-json\/wp\/v2\/pages\/235","targetHints":{"allow":["GET"]}}],"collection":[{"href":"https:\/\/modernslaveryact.ca\/fr\/wp-json\/wp\/v2\/pages"}],"about":[{"href":"https:\/\/modernslaveryact.ca\/fr\/wp-json\/wp\/v2\/types\/page"}],"author":[{"embeddable":true,"href":"https:\/\/modernslaveryact.ca\/fr\/wp-json\/wp\/v2\/users\/1"}],"replies":[{"embeddable":true,"href":"https:\/\/modernslaveryact.ca\/fr\/wp-json\/wp\/v2\/comments?post=235"}],"version-history":[{"count":109,"href":"https:\/\/modernslaveryact.ca\/fr\/wp-json\/wp\/v2\/pages\/235\/revisions"}],"predecessor-version":[{"id":1427,"href":"https:\/\/modernslaveryact.ca\/fr\/wp-json\/wp\/v2\/pages\/235\/revisions\/1427"}],"wp:attachment":[{"href":"https:\/\/modernslaveryact.ca\/fr\/wp-json\/wp\/v2\/media?parent=235"}],"curies":[{"name":"wp","href":"https:\/\/api.w.org\/{rel}","templated":true}]}}