{"id":233,"date":"2024-02-16T01:09:53","date_gmt":"2024-02-16T01:09:53","guid":{"rendered":"http:\/\/localhost\/wordpress\/?page_id=233"},"modified":"2024-05-07T11:08:21","modified_gmt":"2024-05-07T18:08:21","slug":"filling-a-report","status":"publish","type":"page","link":"https:\/\/modernslaveryact.ca\/fr\/filling-a-report\/","title":{"rendered":"D\u00e9poser une Plainte"},"content":{"rendered":"<div class=\"wp-block-group has-global-padding is-layout-constrained wp-container-core-group-is-layout-4383d167 wp-block-group-is-layout-constrained\">\n<div style=\"height:47px\" aria-hidden=\"true\" class=\"wp-block-spacer\"><\/div>\n\n\n\n<p style=\"font-size:clamp(20px, 1.25rem + ((1vw - 3.2px) * 1.25), 32px);\"><strong>D\u00e9poser une Plainte<\/strong><\/p>\n\n\n\n<p>Pour d\u00e9poser un rapport, veuillez visiter le site officiel de S\u00e9curit\u00e9 publique Canada en appuyant sur l'image ci-dessous:<\/p>\n\n\n\n<div style=\"height:45px\" aria-hidden=\"true\" class=\"wp-block-spacer\"><\/div>\n\n\n\n<figure class=\"wp-block-image size-full has-custom-border is-style-default wp-duotone-unset-1\"><a href=\"https:\/\/www.publicsafety.gc.ca\/cnt\/cntrng-crm\/frcd-lbr-cndn-spply-chns\/index-en.aspx\"><img loading=\"lazy\" decoding=\"async\" width=\"1615\" height=\"812\" src=\"https:\/\/modernslaveryact.ca\/wp-content\/uploads\/2024\/03\/reporting-2.png\" alt=\"\" class=\"wp-image-744\" style=\"border-style:none;border-width:0px;border-radius:14px\" srcset=\"https:\/\/modernslaveryact.ca\/wp-content\/uploads\/2024\/03\/reporting-2.png 1615w, https:\/\/modernslaveryact.ca\/wp-content\/uploads\/2024\/03\/reporting-2-300x151.png 300w, https:\/\/modernslaveryact.ca\/wp-content\/uploads\/2024\/03\/reporting-2-1024x515.png 1024w, https:\/\/modernslaveryact.ca\/wp-content\/uploads\/2024\/03\/reporting-2-768x386.png 768w, https:\/\/modernslaveryact.ca\/wp-content\/uploads\/2024\/03\/reporting-2-1536x772.png 1536w, https:\/\/modernslaveryact.ca\/wp-content\/uploads\/2024\/03\/reporting-2-18x9.png 18w\" sizes=\"auto, (max-width: 1615px) 100vw, 1615px\" \/><\/a><\/figure>\n<\/div>","protected":false},"excerpt":{"rendered":"<p>Filing a Report To file a report please visit the official website of Public Safety Canada by pressing the image below:<\/p>","protected":false},"author":1,"featured_media":0,"parent":0,"menu_order":0,"comment_status":"closed","ping_status":"closed","template":"simple","meta":{"footnotes":""},"class_list":["post-233","page","type-page","status-publish","hentry"],"_links":{"self":[{"href":"https:\/\/modernslaveryact.ca\/fr\/wp-json\/wp\/v2\/pages\/233","targetHints":{"allow":["GET"]}}],"collection":[{"href":"https:\/\/modernslaveryact.ca\/fr\/wp-json\/wp\/v2\/pages"}],"about":[{"href":"https:\/\/modernslaveryact.ca\/fr\/wp-json\/wp\/v2\/types\/page"}],"author":[{"embeddable":true,"href":"https:\/\/modernslaveryact.ca\/fr\/wp-json\/wp\/v2\/users\/1"}],"replies":[{"embeddable":true,"href":"https:\/\/modernslaveryact.ca\/fr\/wp-json\/wp\/v2\/comments?post=233"}],"version-history":[{"count":21,"href":"https:\/\/modernslaveryact.ca\/fr\/wp-json\/wp\/v2\/pages\/233\/revisions"}],"predecessor-version":[{"id":1220,"href":"https:\/\/modernslaveryact.ca\/fr\/wp-json\/wp\/v2\/pages\/233\/revisions\/1220"}],"wp:attachment":[{"href":"https:\/\/modernslaveryact.ca\/fr\/wp-json\/wp\/v2\/media?parent=233"}],"curies":[{"name":"wp","href":"https:\/\/api.w.org\/{rel}","templated":true}]}}