{"id":231,"date":"2024-02-16T01:09:19","date_gmt":"2024-02-16T01:09:19","guid":{"rendered":"http:\/\/localhost\/wordpress\/?page_id=231"},"modified":"2024-05-07T11:05:37","modified_gmt":"2024-05-07T18:05:37","slug":"the-law","status":"publish","type":"page","link":"https:\/\/modernslaveryact.ca\/fr\/the-law\/","title":{"rendered":"La Loi"},"content":{"rendered":"<div class=\"wp-block-group has-global-padding is-layout-constrained wp-container-core-group-is-layout-4383d167 wp-block-group-is-layout-constrained\">\n<div style=\"height:47px\" aria-hidden=\"true\" class=\"wp-block-spacer\"><\/div>\n\n\n\n<p style=\"font-size:clamp(20px, 1.25rem + ((1vw - 3.2px) * 1.25), 32px);\"><strong>La Loi<\/strong><\/p>\n\n\n\n<div style=\"height:25px\" aria-hidden=\"true\" class=\"wp-block-spacer\"><\/div>\n\n\n\n<p>La pr\u00e9sente loi \u00e9dicte la Loi sur la lutte contre le travail forc\u00e9 et le travail des enfants dans les cha\u00eenes d'approvisionnement, qui impose une obligation \u00e0 certaines institutions gouvernementales et entit\u00e9s du secteur priv\u00e9 de rendre compte des mesures prises pour pr\u00e9venir et r\u00e9duire le risque que le travail forc\u00e9 ou le travail des enfants soit utilis\u00e9 par elles-m\u00eames ou dans leurs cha\u00eenes d'approvisionnement. La loi pr\u00e9voit un r\u00e9gime d'inspection applicable aux entit\u00e9s et donne au ministre de la S\u00e9curit\u00e9 publique et de la Protection civile le pouvoir d'exiger d'une entit\u00e9 qu'elle fournisse certaines informations.<\/p>\n\n\n\n<p>La pr\u00e9sente loi modifie \u00e9galement le Tarif des douanes afin de permettre une interdiction de l'importation de marchandises fabriqu\u00e9es ou produites, en tout ou en partie, par du travail forc\u00e9 ou du travail des enfants, selon la d\u00e9finition de ces termes dans la Loi sur la lutte contre le travail forc\u00e9 et le travail des enfants dans les cha\u00eenes d'approvisionnement.<\/p>\n\n\n\n<div style=\"height:25px\" aria-hidden=\"true\" class=\"wp-block-spacer\"><\/div>\n\n\n\n<figure class=\"wp-block-image size-full has-custom-border\"><a href=\"https:\/\/laws.justice.gc.ca\/eng\/acts\/F-10.6\/page-1.html\"><img loading=\"lazy\" decoding=\"async\" width=\"1612\" height=\"813\" src=\"https:\/\/modernslaveryact.ca\/wp-content\/uploads\/2024\/03\/theLaw-1.jpg\" alt=\"\" class=\"wp-image-945\" style=\"border-radius:14px\" srcset=\"https:\/\/modernslaveryact.ca\/wp-content\/uploads\/2024\/03\/theLaw-1.jpg 1612w, https:\/\/modernslaveryact.ca\/wp-content\/uploads\/2024\/03\/theLaw-1-300x151.jpg 300w, https:\/\/modernslaveryact.ca\/wp-content\/uploads\/2024\/03\/theLaw-1-1024x516.jpg 1024w, https:\/\/modernslaveryact.ca\/wp-content\/uploads\/2024\/03\/theLaw-1-768x387.jpg 768w, https:\/\/modernslaveryact.ca\/wp-content\/uploads\/2024\/03\/theLaw-1-1536x775.jpg 1536w, https:\/\/modernslaveryact.ca\/wp-content\/uploads\/2024\/03\/theLaw-1-18x9.jpg 18w\" sizes=\"auto, (max-width: 1612px) 100vw, 1612px\" \/><\/a><\/figure>\n<\/div>","protected":false},"excerpt":{"rendered":"<p>The Law This enactment enacts the Fighting Against Forced Labour and Child Labour in Supply Chains Act, which imposes an obligation on certain government institutions and private-sector entities to report on the measures taken to prevent and reduce the risk that forced labour or child labour is used by them or in their supply chains. [&hellip;]<\/p>\n","protected":false},"author":1,"featured_media":0,"parent":0,"menu_order":0,"comment_status":"closed","ping_status":"closed","template":"simple","meta":{"footnotes":""},"class_list":["post-231","page","type-page","status-publish","hentry"],"_links":{"self":[{"href":"https:\/\/modernslaveryact.ca\/fr\/wp-json\/wp\/v2\/pages\/231","targetHints":{"allow":["GET"]}}],"collection":[{"href":"https:\/\/modernslaveryact.ca\/fr\/wp-json\/wp\/v2\/pages"}],"about":[{"href":"https:\/\/modernslaveryact.ca\/fr\/wp-json\/wp\/v2\/types\/page"}],"author":[{"embeddable":true,"href":"https:\/\/modernslaveryact.ca\/fr\/wp-json\/wp\/v2\/users\/1"}],"replies":[{"embeddable":true,"href":"https:\/\/modernslaveryact.ca\/fr\/wp-json\/wp\/v2\/comments?post=231"}],"version-history":[{"count":7,"href":"https:\/\/modernslaveryact.ca\/fr\/wp-json\/wp\/v2\/pages\/231\/revisions"}],"predecessor-version":[{"id":1219,"href":"https:\/\/modernslaveryact.ca\/fr\/wp-json\/wp\/v2\/pages\/231\/revisions\/1219"}],"wp:attachment":[{"href":"https:\/\/modernslaveryact.ca\/fr\/wp-json\/wp\/v2\/media?parent=231"}],"curies":[{"name":"wp","href":"https:\/\/api.w.org\/{rel}","templated":true}]}}